{"id":2012,"date":"2024-09-29T10:52:50","date_gmt":"2024-09-29T08:52:50","guid":{"rendered":"https:\/\/out-ofthebox.com\/child?page_id=2012"},"modified":"2025-01-22T14:45:43","modified_gmt":"2025-01-22T13:45:43","slug":"cookie-policy","status":"publish","type":"page","link":"https:\/\/out-ofthebox.com\/child\/cookie-policy\/","title":{"rendered":"Cookie Policy"},"content":{"rendered":"\t\t<div data-elementor-type=\"wp-page\" data-elementor-id=\"2012\" class=\"elementor elementor-2012\" data-elementor-post-type=\"page\">\n\t\t\t\t<div class=\"elementor-element elementor-element-891e159 e-flex e-con-boxed e-con e-parent\" data-id=\"891e159\" data-element_type=\"container\" data-e-type=\"container\">\n\t\t\t\t\t<div class=\"e-con-inner\">\n\t\t\t\t<div class=\"elementor-element elementor-element-dc733c9 elementor-widget elementor-widget-heading\" data-id=\"dc733c9\" data-element_type=\"widget\" data-e-type=\"widget\" data-widget_type=\"heading.default\">\n\t\t\t\t<div class=\"elementor-widget-container\">\n\t\t\t\t\t<h1 class=\"elementor-heading-title elementor-size-default\">Cookie Policy<\/h1>\t\t\t\t<\/div>\n\t\t\t\t<\/div>\n\t\t\t\t<div class=\"elementor-element elementor-element-3437ebd elementor-widget elementor-widget-text-editor\" data-id=\"3437ebd\" data-element_type=\"widget\" data-e-type=\"widget\" data-widget_type=\"text-editor.default\">\n\t\t\t\t<div class=\"elementor-widget-container\">\n\t\t\t\t\t\t\t\t\t<p><strong>Titolare del Trattamento dei Dati<\/strong>:<\/p><p>OUT OF THE BOX srl \u2013 Via Urania, 13 \u2013 36061 Bassano del Grappa (VI)<\/p><p><strong>Indirizzo email del Titolare:<\/strong> out-oftheboxsrl@pec.it<\/p><div class=\"elementor-element elementor-element-59dae08e e-flex e-con-boxed e-con e-parent e-lazyloaded\" data-id=\"59dae08e\" data-element_type=\"container\"><div class=\"e-con-inner\"><div class=\"elementor-element elementor-element-2fd0f9d elementor-widget elementor-widget-text-editor\" data-id=\"2fd0f9d\" data-element_type=\"widget\" data-widget_type=\"text-editor.default\"><div class=\"elementor-widget-container\"><h3>Cookie<\/h3><p>I Cookie sono piccoli file di testo di piccole dimensioni che possono essere utilizzati dai siti web per rendere pi\u00f9 efficiente l\u2019esperienza per l\u2019Utente e che vengono inviate al suo browser, dove vengono memorizzati per essere poi ritrasmessi allo stesso Sito web alla sua successiva visita del medesimo. I Cookie hanno funzioni diverse. I Cookie hanno il fine di migliorare la funzionalit\u00e0 e la navigazione di questo Sito web. In altri casi, invece, i Cookie sono utilizzati per monitorare gli utenti durante la navigazione, che registrano informazioni su ci\u00f2 che l\u2019Utente compra o potrebbe voler comprare, per personalizzare la pubblicit\u00e0 che gli viene mostrata quando apre la mail o naviga su un social network e per personalizzare contenuti, fornire le funzioni dei social media e analizzare il traffico. Nel suo browser l\u2019Utente pu\u00f2 impostare le preferenze di Privacy in modo da non memorizzare Cookie, cancellarli dopo ogni visita o ogni volta che chiude il browser, o anche accettare solo i Cookie di questo sito e non quelli di terze parti.<\/p><h3>Quali cookie utilizziamo e per quali finalit\u00e0?<\/h3><p>Il nostro sito utilizza diverse tipologie di cookie di prima parte predisposti e gestiti dal Titolare, cookies di terze parti predisposti e gestiti da soggetti terzi in base alle proprie privacy policy e non sotto il controllo del Titolare e tecnologie affini, ognuna delle quali ha una specifica funzione.<\/p><ul><li>Cookie di Navigazione: Fin dal primo accesso questi cookie permettono al sito di funzionare correttamente e ti consentono di visualizzare i contenuti sul tuo dispositivo riconoscendo la lingua e il mercato del Paese dal quale scegli di connetterti. Se sei un utente registrato, permetteranno di riconoscerti e di accedere ai servizi delle aree dedicate. I cookie di navigazione sono cookie tecnici e sono necessari al funzionamento del sito.<\/li><li>Cookie Funzionali: Questi cookie permettono, in base alla tua richiesta espressa, di riconoscerti agli accessi successivi, in modo da non dover inserire i tuoi dati ad ogni visita (ad es: \u2018Riconoscimi la prossima volta\u2019). Se hai aggiunto articoli alla tua Shopping Bag e chiuso la sessione senza completare l\u2019acquisto e senza eliminarli, questi cookie ti consentono di continuare lo shopping la volta successiva che accedi al sito (entro un periodo limitato) ritrovando gli articoli selezionati. I cookie funzionali non sono indispensabili al funzionamento del sito, ma migliorano la qualit\u00e0 e l\u2019esperienza della navigazione.<\/li><li>Cookie Analitici: Questi cookie di prima parte, sono propriet\u00e0 del Titolare e sono impiegati per raccogliere dati in forma anonima e aggregata. Questi cookie sono utilizzati per elaborare analisi statistiche sulle modalit\u00e0 di navigazione degli utenti sul nostro sito. Il Titolare tratter\u00e0 i risultati di queste analisi in maniera anonima ed esclusivamente per finalit\u00e0 statistiche.<\/li><li>Cookie di marketing e profilazione di prima e terza parte: Questi cookie sono volti a creare profili relativi all\u2019utente al fine di inviare messaggi commerciali che incontrano le preferenze manifestate durante la visita o per migliorare la tua esperienza di navigazione: mentre navighi il nostro sito questi cookie sono utili per mostrarti prodotti di tuo interesse o simili a quelli che hai visualizzato. Sono cookie di terza parte quelli inviati da societ\u00e0 terze di nostra fiducia. Questi cookie permettono di offrirti la nostra proposta commerciale su altri siti web affiliati (retargeting). Sui cookie di terza parte non abbiamo il controllo delle informazioni fornite dal cookie e non abbiamo accesso a tali dati. Queste informazioni sono controllate totalmente dalle societ\u00e0 terze secondo quanto descritto nelle rispettive policy.<\/li><li>Cookie di social network: Questi cookie sono necessari per permettere al tuo account social di interagire con il nostro sito. Servono ad esempio per farti esprimere il tuo apprezzamento e per condividerlo con i tuoi amici social. I cookie di social network non sono necessari alla navigazione.<\/li><\/ul><p>In ogni caso, laddove applicabile, l\u2019invio di messaggi commerciali e la profilazione avverr\u00e0 nel pieno rispetto di quanto previsto dal disposto dal Regolamento UE n. 679\/2016 ed alle normative di riferimento.<\/p><\/div><\/div><\/div><\/div>\t\t\t\t\t\t\t\t<\/div>\n\t\t\t\t<\/div>\n\t\t\t\t<div class=\"elementor-element elementor-element-a1a2eaf elementor-widget elementor-widget-html\" data-id=\"a1a2eaf\" data-element_type=\"widget\" data-e-type=\"widget\" data-widget_type=\"html.default\">\n\t\t\t\t<div class=\"elementor-widget-container\">\n\t\t\t\t\t<div class=\"cky-audit-table-element\"><\/div>\t\t\t\t<\/div>\n\t\t\t\t<\/div>\n\t\t\t\t<div class=\"elementor-element elementor-element-1b6a7de elementor-widget elementor-widget-html\" data-id=\"1b6a7de\" data-element_type=\"widget\" data-e-type=\"widget\" data-widget_type=\"html.default\">\n\t\t\t\t<div class=\"elementor-widget-container\">\n\t\t\t\t\t<button class=\"cky-banner-element\">Modifcare le preferenze<\/button>\t\t\t\t<\/div>\n\t\t\t\t<\/div>\n\t\t\t\t<div class=\"elementor-element elementor-element-5857779 elementor-widget elementor-widget-text-editor\" data-id=\"5857779\" data-element_type=\"widget\" data-e-type=\"widget\" data-widget_type=\"text-editor.default\">\n\t\t\t\t<div class=\"elementor-widget-container\">\n\t\t\t\t\t\t\t\t\t<div class=\"elementor-element elementor-element-59dae08e e-flex e-con-boxed e-con e-parent e-lazyloaded\" data-id=\"59dae08e\" data-element_type=\"container\"><div class=\"e-con-inner\"><div class=\"elementor-element elementor-element-2fd0f9d elementor-widget elementor-widget-text-editor\" data-id=\"2fd0f9d\" data-element_type=\"widget\" data-widget_type=\"text-editor.default\"><div class=\"elementor-widget-container\"><p>\u00a0<\/p><\/div><\/div><\/div><\/div><div class=\"elementor-element elementor-element-16ca79e5 e-flex e-con-boxed e-con e-parent e-lazyloaded\" data-id=\"16ca79e5\" data-element_type=\"container\"><div class=\"e-con-inner\"><div class=\"elementor-element elementor-element-275c0d43 elementor-widget elementor-widget-html\" data-id=\"275c0d43\" data-element_type=\"widget\" data-widget_type=\"html.default\"><div class=\"elementor-widget-container\"><div class=\"cky-audit-table-element\"><div class=\"elementor-element elementor-element-486ecf81 e-flex e-con-boxed e-con e-parent e-lazyloaded\" data-id=\"486ecf81\" data-element_type=\"container\"><div class=\"e-con-inner\"><div class=\"elementor-element elementor-element-2413fe56 elementor-widget elementor-widget-text-editor\" data-id=\"2413fe56\" data-element_type=\"widget\" data-widget_type=\"text-editor.default\"><div class=\"elementor-widget-container\"><h3>Eliminare o disattivare i Cookie<\/h3><p>Fatta eccezione per i Cookie tecnici strettamente necessari alla normale navigazione, il conferimento dei Dati \u00e8 rimesso alla volont\u00e0 dell\u2019Utente che decide di navigare sul sito dopo aver preso visione dell\u2019informativa breve contenuta nell\u2019apposito banner e di usufruire dei servizi di terze parti che comportano l\u2019installazione di Cookie. L\u2019Utente pu\u00f2 quindi evitare l\u2019installazione dei Cookie mantenendo il banner o attraverso le apposite funzioni disponibili sul proprio browser o in questa policy. L\u2019Utente pu\u00f2 gestire le preferenze relative ai Cookie direttamente all\u2019interno del suo browser ed impedire che terze parti possano installarne. \u00c8 importante che l\u2019Utente sappia che disabilitando tutti i Cookie, il funzionamento di questo Sito potrebbe essere compromesso. Ciascun browser presenta procedure diverse per la gestione delle impostazioni. Gli Utenti possono, per esempio, trovare informazioni su come gestire i Cookie in alcuni dei browser pi\u00f9 diffusi ai seguenti indirizzi:<\/p><ul><li>Google Chrome\u00a0<a href=\"https:\/\/support.google.com\/chrome\/answer\/95647?hl=it&amp;p=cpn_cookies\" target=\"_blank\" rel=\"noopener\">https:\/\/support.google.com\/chrome\/answer\/95647?hl=it&amp;p=cpn_cookies<\/a><\/li><li>Mozilla Firefox\u00a0<a href=\"https:\/\/support.mozilla.org\/it\/kb\/Gestione%20dei%20cookie#w_impostazioni-dei-cookie\" target=\"_blank\" rel=\"noopener\">https:\/\/support.mozilla.org\/it\/kb\/Gestione%20dei%20cookie#w_impostazioni-dei-cookie<\/a><\/li><li>Apple Safari\u00a0<a href=\"https:\/\/support.apple.com\/it-it\/guide\/safari\/manage-cookies-and-website-data-sfri11471\/\" target=\"_blank\" rel=\"noopener\">https:\/\/support.apple.com\/it-it\/guide\/safari\/manage-cookies-and-website-data-sfri11471\/<\/a><\/li><li>Microsoft Edge\u00a0<a href=\"https:\/\/support.microsoft.com\/it-it\/help\/4027947\" target=\"_blank\" rel=\"noopener\">https:\/\/support.microsoft.com\/it-it\/help\/4027947<\/a><\/li><li>Brave\u00a0<a href=\"https:\/\/support.brave.com\/hc\/articles\/360022806212-How-do-I-use-Shields-while-browsing\/\" target=\"_blank\" rel=\"noopener\">https:\/\/support.brave.com\/hc\/articles\/360022806212-How-do-I-use-Shields-while-browsing\/<\/a><\/li><li>Opera\u00a0<a href=\"https:\/\/help.opera.com\/latest\/web-preferences\/#cookies\" target=\"_blank\" rel=\"noopener\">https:\/\/help.opera.com\/latest\/web-preferences\/#cookies<\/a><\/li><\/ul><p>Gli Utenti possono inoltre gestire alcuni Strumenti di Tracciamento per applicazioni mobili disattivandoli tramite le apposite impostazioni del dispositivo, quali le impostazioni di pubblicit\u00e0 per dispositivi mobili o le impostazioni relative al tracciamento in generale (gli Utenti possono consultare le impostazioni del dispositivo per individuare quella pertinente) Per disabilitare i Cookie di terze parti \u00e8 inoltre possibile utilizzare Your Online Choices\u00a0<a href=\"http:\/\/www.youronlinechoices.com\/it\/le-tue-scelte\" target=\"_blank\" rel=\"noopener\">http:\/\/www.youronlinechoices.com\/it\/le-tue-scelte<\/a>\u00a0, un servizio web gestito dall\u2019associazione non-profit European Interactive Digital Advertising Alliance (EDAA) che fornisce informazioni sulla pubblicit\u00e0 comportamentale basata sui Cookie di profilazione e consente agli utenti di opporsi facilmente (opt-out) alla loro installazione. Eliminando tutti i Cookie dal proprio browser o rimuovendoli attraverso servizi come Your Online Choices questi, se di terza parte, saranno inibiti genericamente, non solo nel perimetro di questo sito.<\/p><h3>Accesso ai dati e Servizio Clienti<\/h3><p>Gli interessati hanno il diritto di ottenere dal Titolare del Trattamento, nei casi previsti, l\u2019accesso ai propri dati personali e la rettifica e portabilit\u00e0 o la cancellazione degli stessi o la limitazione del trattamento che li riguarda o di opporsi al trattamento (artt. 15 e ss. del Regolamento). L\u2019interessato potr\u00e0 ottenere l\u2019indicazione dell\u2019origine dei dati, delle finalit\u00e0 e modalit\u00e0 del trattamento, della logica applicata in caso di trattamento effettuato con l\u2019ausilio di strumenti elettronici, degli estremi identificativi degli eventuali soggetti che effettuano il trattamento in qualit\u00e0 di responsabili o incaricati. L\u2019interessato potr\u00e0 esercitare i suoi diritti contattando il Titolare a mezzo mail all\u2019indirizzo email: out-ofthebox@pec.it<\/p><h3>Modifiche a questa Cookie Policy<\/h3><p>Il Titolare del Trattamento si riserva il diritto di apportare modifiche alla presente Cookie Policy in qualunque momento dandone pubblicit\u00e0 agli Utenti su questa pagina.\u00a0\u00a0Il Titolare non e\u0300 responsabile per l\u2019aggiornamento di tutti i link visualizzabili nella presente Cookie Policy, pertanto ogni qualvolta un link non sia funzionante e\/o aggiornato, gli Utenti riconoscono ed accettano che dovranno sempre far riferimento al documento e\/o sezione dei siti internet richiamati da tale link.<\/p><\/div><\/div><\/div><\/div><div class=\"elementor-element elementor-element-34529c13 e-flex e-con-boxed e-con e-parent e-lazyloaded\" data-id=\"34529c13\" data-element_type=\"container\"><div class=\"e-con-inner\"><div class=\"elementor-element elementor-element-554c215d elementor-widget elementor-widget-heading\" data-id=\"554c215d\" data-element_type=\"widget\" data-widget_type=\"heading.default\"><div class=\"elementor-widget-container\"><h5 class=\"elementor-heading-title elementor-size-default\">Policy aggiornata ad Agosto 2024<\/h5><\/div><\/div><\/div><\/div><\/div><\/div><\/div><\/div><\/div>\t\t\t\t\t\t\t\t<\/div>\n\t\t\t\t<\/div>\n\t\t\t\t\t<\/div>\n\t\t\t\t<\/div>\n\t\t\t\t<\/div>\n\t\t","protected":false},"excerpt":{"rendered":"<p>Cookie Policy Titolare del Trattamento dei Dati: OUT OF THE BOX srl \u2013 Via Urania, 13 \u2013 36061 Bassano del Grappa (VI) Indirizzo email del Titolare: out-oftheboxsrl@pec.it Cookie I Cookie sono piccoli file di testo di piccole dimensioni che possono essere utilizzati dai siti web per rendere pi\u00f9 efficiente l\u2019esperienza per l\u2019Utente e che vengono [&hellip;]<\/p>\n","protected":false},"author":1,"featured_media":0,"parent":0,"menu_order":0,"comment_status":"closed","ping_status":"closed","template":"","meta":{"site-sidebar-layout":"no-sidebar","site-content-layout":"page-builder","ast-site-content-layout":"full-width-container","site-content-style":"default","site-sidebar-style":"default","ast-global-header-display":"","ast-banner-title-visibility":"","ast-main-header-display":"","ast-hfb-above-header-display":"","ast-hfb-below-header-display":"","ast-hfb-mobile-header-display":"","site-post-title":"disabled","ast-breadcrumbs-content":"","ast-featured-img":"disabled","footer-sml-layout":"","ast-disable-related-posts":"","theme-transparent-header-meta":"","adv-header-id-meta":"","stick-header-meta":"","header-above-stick-meta":"","header-main-stick-meta":"","header-below-stick-meta":"","astra-migrate-meta-layouts":"set","ast-page-background-enabled":"default","ast-page-background-meta":{"desktop":{"background-color":"","background-image":"","background-repeat":"repeat","background-position":"center center","background-size":"auto","background-attachment":"scroll","background-type":"","background-media":"","overlay-type":"","overlay-color":"","overlay-opacity":"","overlay-gradient":""},"tablet":{"background-color":"","background-image":"","background-repeat":"repeat","background-position":"center center","background-size":"auto","background-attachment":"scroll","background-type":"","background-media":"","overlay-type":"","overlay-color":"","overlay-opacity":"","overlay-gradient":""},"mobile":{"background-color":"","background-image":"","background-repeat":"repeat","background-position":"center center","background-size":"auto","background-attachment":"scroll","background-type":"","background-media":"","overlay-type":"","overlay-color":"","overlay-opacity":"","overlay-gradient":""}},"ast-content-background-meta":{"desktop":{"background-color":"var(--ast-global-color-5)","background-image":"","background-repeat":"repeat","background-position":"center center","background-size":"auto","background-attachment":"scroll","background-type":"","background-media":"","overlay-type":"","overlay-color":"","overlay-opacity":"","overlay-gradient":""},"tablet":{"background-color":"var(--ast-global-color-5)","background-image":"","background-repeat":"repeat","background-position":"center center","background-size":"auto","background-attachment":"scroll","background-type":"","background-media":"","overlay-type":"","overlay-color":"","overlay-opacity":"","overlay-gradient":""},"mobile":{"background-color":"var(--ast-global-color-5)","background-image":"","background-repeat":"repeat","background-position":"center center","background-size":"auto","background-attachment":"scroll","background-type":"","background-media":"","overlay-type":"","overlay-color":"","overlay-opacity":"","overlay-gradient":""}},"footnotes":""},"class_list":["post-2012","page","type-page","status-publish","hentry"],"yoast_head":"<!-- This site is optimized with the Yoast SEO plugin v27.3 - https:\/\/yoast.com\/product\/yoast-seo-wordpress\/ -->\n<title>Cookie Policy - out-ofthebox | child<\/title>\n<meta name=\"robots\" content=\"noindex, nofollow\" \/>\n<meta property=\"og:locale\" content=\"it_IT\" \/>\n<meta property=\"og:type\" content=\"article\" \/>\n<meta property=\"og:title\" content=\"Cookie Policy - out-ofthebox | child\" \/>\n<meta property=\"og:description\" content=\"Cookie Policy Titolare del Trattamento dei Dati: OUT OF THE BOX srl \u2013 Via Urania, 13 \u2013 36061 Bassano del Grappa (VI) Indirizzo email del Titolare: out-oftheboxsrl@pec.it Cookie I Cookie sono piccoli file di testo di piccole dimensioni che possono essere utilizzati dai siti web per rendere pi\u00f9 efficiente l\u2019esperienza per l\u2019Utente e che vengono [&hellip;]\" \/>\n<meta property=\"og:url\" content=\"https:\/\/out-ofthebox.com\/childcookie-policy\/\" \/>\n<meta property=\"og:site_name\" content=\"out-ofthebox | child\" \/>\n<meta property=\"article:modified_time\" content=\"2025-01-22T13:45:43+00:00\" \/>\n<meta name=\"twitter:card\" content=\"summary_large_image\" \/>\n<meta name=\"twitter:label1\" content=\"Tempo di lettura stimato\" \/>\n\t<meta name=\"twitter:data1\" content=\"15 minuti\" \/>\n<script type=\"application\/ld+json\" class=\"yoast-schema-graph\">{\"@context\":\"https:\\\/\\\/schema.org\",\"@graph\":[{\"@type\":\"WebPage\",\"@id\":\"https:\\\/\\\/out-ofthebox.com\\\/childcookie-policy\\\/\",\"url\":\"https:\\\/\\\/out-ofthebox.com\\\/childcookie-policy\\\/\",\"name\":\"Cookie Policy - out-ofthebox | child\",\"isPartOf\":{\"@id\":\"https:\\\/\\\/out-ofthebox.com\\\/child\\\/#website\"},\"datePublished\":\"2024-09-29T08:52:50+00:00\",\"dateModified\":\"2025-01-22T13:45:43+00:00\",\"breadcrumb\":{\"@id\":\"https:\\\/\\\/out-ofthebox.com\\\/childcookie-policy\\\/#breadcrumb\"},\"inLanguage\":\"it-IT\",\"potentialAction\":[{\"@type\":\"ReadAction\",\"target\":[\"https:\\\/\\\/out-ofthebox.com\\\/childcookie-policy\\\/\"]}]},{\"@type\":\"BreadcrumbList\",\"@id\":\"https:\\\/\\\/out-ofthebox.com\\\/childcookie-policy\\\/#breadcrumb\",\"itemListElement\":[{\"@type\":\"ListItem\",\"position\":1,\"name\":\"Home\",\"item\":\"https:\\\/\\\/out-ofthebox.com\\\/child\\\/\"},{\"@type\":\"ListItem\",\"position\":2,\"name\":\"Cookie Policy\"}]},{\"@type\":\"WebSite\",\"@id\":\"https:\\\/\\\/out-ofthebox.com\\\/child\\\/#website\",\"url\":\"https:\\\/\\\/out-ofthebox.com\\\/child\\\/\",\"name\":\"out-ofthebox | child\",\"description\":\"A due passi da Bassano, il primo spazio  ricreativo ad ore\",\"publisher\":{\"@id\":\"https:\\\/\\\/out-ofthebox.com\\\/child\\\/#organization\"},\"potentialAction\":[{\"@type\":\"SearchAction\",\"target\":{\"@type\":\"EntryPoint\",\"urlTemplate\":\"https:\\\/\\\/out-ofthebox.com\\\/child\\\/?s={search_term_string}\"},\"query-input\":{\"@type\":\"PropertyValueSpecification\",\"valueRequired\":true,\"valueName\":\"search_term_string\"}}],\"inLanguage\":\"it-IT\"},{\"@type\":\"Organization\",\"@id\":\"https:\\\/\\\/out-ofthebox.com\\\/child\\\/#organization\",\"name\":\"out-ofthebox | child\",\"url\":\"https:\\\/\\\/out-ofthebox.com\\\/child\\\/\",\"logo\":{\"@type\":\"ImageObject\",\"inLanguage\":\"it-IT\",\"@id\":\"https:\\\/\\\/out-ofthebox.com\\\/child\\\/#\\\/schema\\\/logo\\\/image\\\/\",\"url\":\"https:\\\/\\\/out-ofthebox.com\\\/child\\\/wp-content\\\/uploads\\\/2025\\\/05\\\/cropped-Logo_child_Ootb_DEF-1.jpg\",\"contentUrl\":\"https:\\\/\\\/out-ofthebox.com\\\/child\\\/wp-content\\\/uploads\\\/2025\\\/05\\\/cropped-Logo_child_Ootb_DEF-1.jpg\",\"width\":501,\"height\":291,\"caption\":\"out-ofthebox | child\"},\"image\":{\"@id\":\"https:\\\/\\\/out-ofthebox.com\\\/child\\\/#\\\/schema\\\/logo\\\/image\\\/\"}}]}<\/script>\n<!-- \/ Yoast SEO plugin. -->","yoast_head_json":{"title":"Cookie Policy - out-ofthebox | child","robots":{"index":"noindex","follow":"nofollow"},"og_locale":"it_IT","og_type":"article","og_title":"Cookie Policy - out-ofthebox | child","og_description":"Cookie Policy Titolare del Trattamento dei Dati: OUT OF THE BOX srl \u2013 Via Urania, 13 \u2013 36061 Bassano del Grappa (VI) Indirizzo email del Titolare: out-oftheboxsrl@pec.it Cookie I Cookie sono piccoli file di testo di piccole dimensioni che possono essere utilizzati dai siti web per rendere pi\u00f9 efficiente l\u2019esperienza per l\u2019Utente e che vengono [&hellip;]","og_url":"https:\/\/out-ofthebox.com\/childcookie-policy\/","og_site_name":"out-ofthebox | child","article_modified_time":"2025-01-22T13:45:43+00:00","twitter_card":"summary_large_image","twitter_misc":{"Tempo di lettura stimato":"15 minuti"},"schema":{"@context":"https:\/\/schema.org","@graph":[{"@type":"WebPage","@id":"https:\/\/out-ofthebox.com\/childcookie-policy\/","url":"https:\/\/out-ofthebox.com\/childcookie-policy\/","name":"Cookie Policy - out-ofthebox | child","isPartOf":{"@id":"https:\/\/out-ofthebox.com\/child\/#website"},"datePublished":"2024-09-29T08:52:50+00:00","dateModified":"2025-01-22T13:45:43+00:00","breadcrumb":{"@id":"https:\/\/out-ofthebox.com\/childcookie-policy\/#breadcrumb"},"inLanguage":"it-IT","potentialAction":[{"@type":"ReadAction","target":["https:\/\/out-ofthebox.com\/childcookie-policy\/"]}]},{"@type":"BreadcrumbList","@id":"https:\/\/out-ofthebox.com\/childcookie-policy\/#breadcrumb","itemListElement":[{"@type":"ListItem","position":1,"name":"Home","item":"https:\/\/out-ofthebox.com\/child\/"},{"@type":"ListItem","position":2,"name":"Cookie Policy"}]},{"@type":"WebSite","@id":"https:\/\/out-ofthebox.com\/child\/#website","url":"https:\/\/out-ofthebox.com\/child\/","name":"out-ofthebox | child","description":"A due passi da Bassano, il primo spazio  ricreativo ad ore","publisher":{"@id":"https:\/\/out-ofthebox.com\/child\/#organization"},"potentialAction":[{"@type":"SearchAction","target":{"@type":"EntryPoint","urlTemplate":"https:\/\/out-ofthebox.com\/child\/?s={search_term_string}"},"query-input":{"@type":"PropertyValueSpecification","valueRequired":true,"valueName":"search_term_string"}}],"inLanguage":"it-IT"},{"@type":"Organization","@id":"https:\/\/out-ofthebox.com\/child\/#organization","name":"out-ofthebox | child","url":"https:\/\/out-ofthebox.com\/child\/","logo":{"@type":"ImageObject","inLanguage":"it-IT","@id":"https:\/\/out-ofthebox.com\/child\/#\/schema\/logo\/image\/","url":"https:\/\/out-ofthebox.com\/child\/wp-content\/uploads\/2025\/05\/cropped-Logo_child_Ootb_DEF-1.jpg","contentUrl":"https:\/\/out-ofthebox.com\/child\/wp-content\/uploads\/2025\/05\/cropped-Logo_child_Ootb_DEF-1.jpg","width":501,"height":291,"caption":"out-ofthebox | child"},"image":{"@id":"https:\/\/out-ofthebox.com\/child\/#\/schema\/logo\/image\/"}}]}},"_links":{"self":[{"href":"https:\/\/out-ofthebox.com\/child\/wp-json\/wp\/v2\/pages\/2012","targetHints":{"allow":["GET"]}}],"collection":[{"href":"https:\/\/out-ofthebox.com\/child\/wp-json\/wp\/v2\/pages"}],"about":[{"href":"https:\/\/out-ofthebox.com\/child\/wp-json\/wp\/v2\/types\/page"}],"author":[{"embeddable":true,"href":"https:\/\/out-ofthebox.com\/child\/wp-json\/wp\/v2\/users\/1"}],"replies":[{"embeddable":true,"href":"https:\/\/out-ofthebox.com\/child\/wp-json\/wp\/v2\/comments?post=2012"}],"version-history":[{"count":0,"href":"https:\/\/out-ofthebox.com\/child\/wp-json\/wp\/v2\/pages\/2012\/revisions"}],"wp:attachment":[{"href":"https:\/\/out-ofthebox.com\/child\/wp-json\/wp\/v2\/media?parent=2012"}],"curies":[{"name":"wp","href":"https:\/\/api.w.org\/{rel}","templated":true}]}}