{"id":3,"date":"2024-09-29T06:31:59","date_gmt":"2024-09-29T06:31:59","guid":{"rendered":"https:\/\/out-ofthebox.com\/child?page_id=3"},"modified":"2025-01-22T14:45:30","modified_gmt":"2025-01-22T13:45:30","slug":"privacy-policy","status":"publish","type":"page","link":"https:\/\/out-ofthebox.com\/child\/privacy-policy\/","title":{"rendered":"Privacy Policy"},"content":{"rendered":"\t\t<div data-elementor-type=\"wp-page\" data-elementor-id=\"3\" class=\"elementor elementor-3\" data-elementor-post-type=\"page\">\n\t\t\t\t<div class=\"elementor-element elementor-element-8184243 e-flex e-con-boxed e-con e-parent\" data-id=\"8184243\" data-element_type=\"container\" data-e-type=\"container\">\n\t\t\t\t\t<div class=\"e-con-inner\">\n\t\t\t\t<div class=\"elementor-element elementor-element-8fba404 elementor-widget elementor-widget-heading\" data-id=\"8fba404\" data-element_type=\"widget\" data-e-type=\"widget\" data-widget_type=\"heading.default\">\n\t\t\t\t<div class=\"elementor-widget-container\">\n\t\t\t\t\t<h2 class=\"elementor-heading-title elementor-size-default\">Privacy policy<\/h2>\t\t\t\t<\/div>\n\t\t\t\t<\/div>\n\t\t\t\t<div class=\"elementor-element elementor-element-083dc84 elementor-widget elementor-widget-text-editor\" data-id=\"083dc84\" data-element_type=\"widget\" data-e-type=\"widget\" data-widget_type=\"text-editor.default\">\n\t\t\t\t<div class=\"elementor-widget-container\">\n\t\t\t\t\t\t\t\t\t<p><strong>Titolare del Trattamento dei Dati<\/strong>:<\/p><p>OUT OF THE BOX srl \u2013 Via Urania, 13 \u2013 36061 Bassano del Grappa (VI)<\/p><p><strong>Indirizzo email del Titolare:<\/strong> out-oftheboxsrl@pec.it<\/p><div class=\"elementor-element elementor-element-19ef3dcc e-flex e-con-boxed e-con e-parent e-lazyloaded\" data-id=\"19ef3dcc\" data-element_type=\"container\"><div class=\"e-con-inner\"><div class=\"elementor-element elementor-element-5ad3babd elementor-widget elementor-widget-text-editor\" data-id=\"5ad3babd\" data-element_type=\"widget\" data-widget_type=\"text-editor.default\"><div class=\"elementor-widget-container\"><h3>Modalit\u00e0 di Trattamento dei Dati Personali<\/h3><p>I Dati Personali forniti o acquisiti saranno oggetto di Trattamento improntato ai principi di correttezza, liceit\u00e0, trasparenza e di tutela della riservatezza ai sensi delle vigenti normative. Il Titolare tratta i Dati Personali degli Utenti adottando le opportune misure di sicurezza volte ad impedire l\u2019accesso, la divulgazione, la modifica o la distruzione non autorizzate dei Dati Personali. Il Trattamento viene effettuato mediante strumenti informatici e\/o telematici, con modalit\u00e0 organizzative e con logiche strettamente correlate alle finalit\u00e0 indicate.<\/p><h3>Finalit\u00e0 del Trattamento dei Dati personali e Base giuridica<\/h3><p>I sistemi informatici e le procedure software preposte al funzionamento del presente Sito web acquisiscono alcuni Dati Personali degli Utenti, di carattere tecnico-informatico (ad es. l\u2019indirizzo IP, il tipo di browser utilizzato, il sistema operativo, il nome di dominio e gli indirizzi di siti web dai quali \u00e8 stato effettuato l\u2019accesso o l\u2019uscita, ecc.), la trasmissione dei quali \u00e8 connaturata al normale funzionamento di internet. Tali Dati potranno essere trattati al solo fine di ricavare informazioni statistiche anonime sull\u2019uso del sito e\/o per controllarne il corretto funzionamento e saranno cancellati immediatamente dopo l\u2019elaborazione.<\/p><p>I Dati che l\u2019Utente sceglie di fornire spontaneamente sono raccolti per consentire al Sito web di fornire i propri servizi, cos\u00ec come per le seguenti Finalit\u00e0:<\/p><ul><li>per effettuare analisi statistiche su dati aggregati e anonimi per analizzare i comportamenti, dell\u2019Utente per migliorare i prodotti e i servizi forniti dal Titolare nonch\u00e9 soddisfare le aspettative dell\u2019Utente stesso;<\/li><li>per adempiere a qualunque tipo di obbligo contemplato e previsto dalle vigenti leggi, regolamenti, normative correlate e usi commerciali.<\/li><li>per altre finalit\u00e0 accessorie o collegate a quelle sopra indicate e comunque rientranti nell\u2019ambito delle attivit\u00e0 del Sito web.<\/li><\/ul><h3>Categoria di Dati Personali trattati<\/h3><ul><li>Laddove sia possibile scriverci un messaggio tramite il sito, le informazioni ed i dati personali che fornisci sono da te liberamente conferiti. Ti raccomando, per un primo contatto, di non fornire dati personali sensibili. In ogni caso anche tali dati saranno oggetto di protezione e riservatezza come descritto nella presente informativa.<\/li><li>I dati richiesti per l\u2019iscrizione alle nostre liste E-mail<\/li><li>Informazioni utili per fissare una call conoscitiva<\/li><\/ul><h3>Comunicazione dei Dati<\/h3><p>Oltre al Titolare, in alcuni casi, potrebbero avere accesso ai Dati:<\/p><ul><li>categorie di Incaricati a ci\u00f2 appositamente formati coinvolti nell\u2019organizzazione del Sito web (personale amministrativo, commerciale, marketing, legali, amministratori di sistema);<\/li><li>soggetti esterni (come fornitori di servizi tecnici terzi, hosting provider, societ\u00e0 informatiche, agenzie di comunicazione) nominati anche Responsabili del Trattamento da parte del Titolare ex art. 28 GDPR. L\u2019elenco aggiornato dei Responsabili, se nominati, potr\u00e0 sempre essere richiesto al Titolare del Trattamento;<\/li><li>soggetti pubblici o privati che possono accedere ai Dati in osservanza di obblighi di legge;<\/li><li>soggetti che svolgono compiti accessori e strumentali rispetto all\u2019attivit\u00e0 del Titolare;<\/li><\/ul><h3>Tempi del Trattamento<\/h3><p>Cos\u00ec come espressamente previsto dall\u2019art. 5, co. 1, lett. e del GDPR, i Dati sono conservati per il tempo necessario al Trattamento degli stessi in relazione allo svolgimento del servizio richiesto dall\u2019 Utente, o richiesto dalle Finalit\u00e0 descritte in questo documento e in particolare:<\/p><ul><li>I Dati raccolti per obblighi contrattuali saranno conservati per il tempo necessario all\u2019espletamento delle finalit\u00e0 suddette e secondo quanto previsto dalla legge;<\/li><li>I Dati raccolti per obblighi fiscali \/amministrativi o per obblighi contrattuali saranno conservati per il tempo necessario all\u2019espletamento delle finalit\u00e0 suddette e secondo quanto previsto dalla legge;<\/li><li>I Dati raccolti per Finalit\u00e0 riconducibili al legittimo interesse del Titolare saranno trattenuti sino al soddisfacimento di tale interesse; L\u2019Utente pu\u00f2 ottenere ulteriori informazioni in merito all\u2019interesse legittimo perseguito dal Titolare contattando il Titolare.<\/li><li>I Dati raccolti in base al Consenso dell\u2019Utente potranno essere conservati fino a che tale Consenso non venga revocato;<\/li><\/ul><p>I Dati possono essere conservati dal Titolare per un periodo pi\u00f9 lungo in ottemperanza a obblighi di legge o per ordine di un\u2019autorit\u00e0.<\/p><p>Al termine del periodo di conservazione i Dati Personali saranno cancellati e pertanto, non potranno pi\u00f9 essere esercitati i diritti di accesso, cancellazione, rettificazione e portabilit\u00e0 dei Dati.<\/p><\/div><\/div><div class=\"elementor-element elementor-element-3b01b394 elementor-widget elementor-widget-text-editor\" data-id=\"3b01b394\" data-element_type=\"widget\" data-widget_type=\"text-editor.default\"><div class=\"elementor-widget-container\"><h3>Cookie<\/h3><p>Questo Sito web utilizza i cookie. I cookie sono piccoli file di testo che possono essere utilizzati dai siti web per rendere pi\u00f9 efficiente l\u2019esperienza per l\u2019utente e per personalizzare contenuti e gli annunci, fornire le funzioni dei social network e analizzare il traffico. Cookie Policy<\/p><h3>Luogo del Trattamento e trasferimento dei Dati all\u2019estero<\/h3><p>I Dati sono trattati presso la sede operativa del Titolare. Per ulteriori informazioni si pu\u00f2 contattare il Titolare del Trattamento. I Dati potranno essere trattati da persone fisiche e\/o soggetti giuridici operanti per conto del Titolare e in forza di specifici vincoli contrattuali e aventi sede in Paesi membri UE o extra UE. Nel caso in cui i Dati vengano trasferiti al di fuori del SEE, il Titolare adotter\u00e0 ogni misura contrattuale idonea a garantire un\u2019adeguata protezione dei Dati.<\/p><h3>Strumenti utilizzati per il Trattamento dei Dati Personali<\/h3><p>MODULI CONTATTI, GESTIONE INDIRIZZI EMAIL E NEWSLETTER<br \/>Questi servizi consentono di gestire un database di contatti email, contatti telefonici o contatti di qualunque altro tipo, utilizzati per comunicare con l\u2019Utente. Questi servizi potrebbero inoltre consentire di raccogliere Dati relativi alla data e all\u2019ora di visualizzazione dei messaggi da parte dell\u2019Utente, cos\u00ec come all\u2019interazione dell\u2019Utente con essi, come le informazioni sui click sui collegamenti inseriti nei messaggi.<\/p><p>PROTEZIONE DEL SITO<br \/>Questo sito \u00e8 protetto da reCAPTCHA \u2013 si applicano Privacy e Termini di Servzio del servizio.<\/p><p>STATISTICA<br \/>I servizi di statistica permettono al Titolare del Trattamento esclusivamente di monitorare e analizzare i dati di traffico e servono a tener traccia del comportamento dell\u2019Utente. Questo Sito web utilizza i seguenti servizi:<br \/>Google Analytics (Google Ireland Limited)<br \/>Google Analytics \u00e8 un servizio di analisi fornito da Google Ireland Limited. Google utilizza i Dati Personali raccolti allo scopo di tracciare ed esaminare l\u2019utilizzo di questo Sito web, compilare report e condividerli con gli altri servizi sviluppati da Google. Google potrebbe utilizzare i Dati Personali per contestualizzare e personalizzare gli annunci del proprio network pubblicitario. Google pu\u00f2 anche trasferire queste informazioni a terzi ove ci\u00f2 sia imposto dalla legge o laddove tali terzi trattino le suddette informazioni per conto di Google. In questo sito \u00e8 attiva la funzione di anonimizzazione dell\u2019indirizzo IP. L\u2019indirizzo IP trasmesso dal browser ai fini connessi a Google Analytics non verr\u00e0 incorporato ad altri dati gi\u00e0 in possesso di Google.<br \/>Al seguente link\u00a0<a href=\"https:\/\/tools.google.com\/dlpage\/gaoptout?hl=it\" target=\"_blank\" rel=\"noopener\">https:\/\/tools.google.com\/dlpage\/gaoptout?hl=it<\/a>\u00a0\u00e8 reso disponibile da Google il componente aggiuntivo del browser per la disattivazione di Google Analytics. Dati Personali raccolti: Cookie e Dati di utilizzo. Luogo del trattamento: Irlanda \u2013\u00a0<a href=\"https:\/\/policies.google.com\/privacy?hl=it\" target=\"_blank\" rel=\"noopener\">https:\/\/policies.google.com\/privacy?hl=it<\/a><\/p><p>INTERAZIONE CON I SOCIAL NETWORK<br \/>Questi servizi permettono di effettuare interazioni con i social network direttamente dalle pagine di questo Sito web. Le interazioni e le informazioni acquisite da questo Sito web sono in ogni caso soggette alle impostazioni privacy dell\u2019Utente relative ad ogni social network. Nel caso in cui sia installato un servizio di interazione con i social network, \u00e8 possibile che, anche nel caso gli Utenti non utilizzino il servizio, lo stesso raccolga dati di traffico relativi alle pagine in cui \u00e8 installato.<\/p><p>HEAT MAPPING E REGISTRAZIONE SESSIONI<br \/>I servizi di Heat Mapping sono utilizzati per individuare quali aree di una pagina sono oggetto del passaggio del cursore o di click del mouse in modo da rilevare quali di esse attraggono il maggior interesse. Questi servizi permettono di monitorare e analizzare i dati di traffico e servono a tener traccia del comportamento dell\u2019Utente. Alcuni di questi servizi potrebbero registrare le sessioni e renderle disponibili per visualizzarle in seguito.<\/p><h3>Esercizio dei diritti dell\u2019interessato<\/h3><p>L\u2019Interessato ha diritto di esercitare le facolt\u00e0 previste agli artt. 7, 15-22 del Reg. Europeo 679\/2016. In particolare, ha diritto di revocare il proprio consenso in qualsiasi momento e, dietro semplice richiesta al Titolare del Trattamento, potr\u00e0 chiedere l\u2019accesso ai Dati Personali, ricevere i Dati personali forniti al Titolare e ove possibile trasmetterli ad un altro Titolare del trattamento senza impedimenti (c.d. portabilit\u00e0), ottenere l\u2019aggiornamento, la limitazione del trattamento, la rettificazione dei Dati e la cancellazione di quelli trattati in difformit\u00e0 dalla normativa vigente. Ha diritto, per motivi legittimi, di opporsi al Trattamento dei Dati Personali che lo riguardano ed al Trattamento per fini di invio di materiale pubblicitario, di vendita diretta e per il compimento di ricerche di mercato. Ha altres\u00ec diritto a proporre reclamo al Garante della Privacy quale autorit\u00e0 di controllo in materia di protezione dei dati personali. L\u2019interessato potr\u00e0 esercitare i suoi diritti contattando il Titolare a mezzo mail all\u2019indirizzo email: out-ofthebox@pec.it<\/p><h3>Modifiche a questa Privacy Policy<\/h3><p>Il Titolare del Trattamento si riserva il diritto di apportare modifiche alla presente Privacy Policy in qualunque momento dandone pubblicit\u00e0 agli Utenti su questa pagina. Si prega dunque di consultare spesso questa pagina, prendendo come riferimento la data di ultima modifica indicata in fondo. Nel caso di mancata accettazione delle modifiche apportate alla presente Privacy Policy, l\u2019Utente \u00e8 tenuto a cessare l\u2019utilizzo di questo Sito web e pu\u00f2 richiedere al Titolare del Trattamento di rimuovere i propri Dati Personali. Salvo quanto diversamente specificato, la precedente Privacy Policy continuer\u00e0 ad applicarsi ai Dati Personali sino a quel momento raccolti. Il Titolare non e\u0300 responsabile per l\u2019aggiornamento di tutti i link visualizzabili nella presente Privacy Policy, pertanto ogni qualvolta un link non sia funzionante e\/o aggiornato, gli Utenti riconoscono ed accettano che dovranno sempre far riferimento al documento e\/o sezione dei siti internet richiamati da tale link.<\/p><\/div><\/div><\/div><\/div><div class=\"elementor-element elementor-element-3717c58f e-flex e-con-boxed e-con e-parent e-lazyloaded\" data-id=\"3717c58f\" data-element_type=\"container\"><div class=\"e-con-inner\"><div class=\"elementor-element elementor-element-3210a362 elementor-widget elementor-widget-heading\" data-id=\"3210a362\" data-element_type=\"widget\" data-widget_type=\"heading.default\"><div class=\"elementor-widget-container\"><h5 class=\"elementor-heading-title elementor-size-default\">Privacy Policy aggiornata ad Agosto 2024<\/h5><\/div><\/div><\/div><\/div>\t\t\t\t\t\t\t\t<\/div>\n\t\t\t\t<\/div>\n\t\t\t\t\t<\/div>\n\t\t\t\t<\/div>\n\t\t\t\t<\/div>\n\t\t","protected":false},"excerpt":{"rendered":"<p>Privacy policy Titolare del Trattamento dei Dati: OUT OF THE BOX srl \u2013 Via Urania, 13 \u2013 36061 Bassano del Grappa (VI) Indirizzo email del Titolare: out-oftheboxsrl@pec.it Modalit\u00e0 di Trattamento dei Dati Personali I Dati Personali forniti o acquisiti saranno oggetto di Trattamento improntato ai principi di correttezza, liceit\u00e0, trasparenza e di tutela della riservatezza [&hellip;]<\/p>\n","protected":false},"author":1,"featured_media":0,"parent":0,"menu_order":0,"comment_status":"closed","ping_status":"open","template":"","meta":{"site-sidebar-layout":"no-sidebar","site-content-layout":"page-builder","ast-site-content-layout":"full-width-container","site-content-style":"default","site-sidebar-style":"default","ast-global-header-display":"","ast-banner-title-visibility":"","ast-main-header-display":"","ast-hfb-above-header-display":"","ast-hfb-below-header-display":"","ast-hfb-mobile-header-display":"","site-post-title":"disabled","ast-breadcrumbs-content":"","ast-featured-img":"disabled","footer-sml-layout":"","ast-disable-related-posts":"","theme-transparent-header-meta":"","adv-header-id-meta":"","stick-header-meta":"","header-above-stick-meta":"","header-main-stick-meta":"","header-below-stick-meta":"","astra-migrate-meta-layouts":"set","ast-page-background-enabled":"default","ast-page-background-meta":{"desktop":{"background-color":"","background-image":"","background-repeat":"repeat","background-position":"center center","background-size":"auto","background-attachment":"scroll","background-type":"","background-media":"","overlay-type":"","overlay-color":"","overlay-opacity":"","overlay-gradient":""},"tablet":{"background-color":"","background-image":"","background-repeat":"repeat","background-position":"center center","background-size":"auto","background-attachment":"scroll","background-type":"","background-media":"","overlay-type":"","overlay-color":"","overlay-opacity":"","overlay-gradient":""},"mobile":{"background-color":"","background-image":"","background-repeat":"repeat","background-position":"center center","background-size":"auto","background-attachment":"scroll","background-type":"","background-media":"","overlay-type":"","overlay-color":"","overlay-opacity":"","overlay-gradient":""}},"ast-content-background-meta":{"desktop":{"background-color":"var(--ast-global-color-5)","background-image":"","background-repeat":"repeat","background-position":"center center","background-size":"auto","background-attachment":"scroll","background-type":"","background-media":"","overlay-type":"","overlay-color":"","overlay-opacity":"","overlay-gradient":""},"tablet":{"background-color":"var(--ast-global-color-5)","background-image":"","background-repeat":"repeat","background-position":"center center","background-size":"auto","background-attachment":"scroll","background-type":"","background-media":"","overlay-type":"","overlay-color":"","overlay-opacity":"","overlay-gradient":""},"mobile":{"background-color":"var(--ast-global-color-5)","background-image":"","background-repeat":"repeat","background-position":"center center","background-size":"auto","background-attachment":"scroll","background-type":"","background-media":"","overlay-type":"","overlay-color":"","overlay-opacity":"","overlay-gradient":""}},"footnotes":""},"class_list":["post-3","page","type-page","status-publish","hentry"],"yoast_head":"<!-- This site is optimized with the Yoast SEO plugin v27.3 - https:\/\/yoast.com\/product\/yoast-seo-wordpress\/ -->\n<title>Privacy Policy - out-ofthebox | child<\/title>\n<meta name=\"robots\" content=\"noindex, nofollow\" \/>\n<meta property=\"og:locale\" content=\"it_IT\" \/>\n<meta property=\"og:type\" content=\"article\" \/>\n<meta property=\"og:title\" content=\"Privacy Policy - out-ofthebox | child\" \/>\n<meta property=\"og:description\" content=\"Privacy policy Titolare del Trattamento dei Dati: OUT OF THE BOX srl \u2013 Via Urania, 13 \u2013 36061 Bassano del Grappa (VI) Indirizzo email del Titolare: out-oftheboxsrl@pec.it Modalit\u00e0 di Trattamento dei Dati Personali I Dati Personali forniti o acquisiti saranno oggetto di Trattamento improntato ai principi di correttezza, liceit\u00e0, trasparenza e di tutela della riservatezza [&hellip;]\" \/>\n<meta property=\"og:url\" content=\"https:\/\/out-ofthebox.com\/childprivacy-policy\/\" \/>\n<meta property=\"og:site_name\" content=\"out-ofthebox | child\" \/>\n<meta property=\"article:modified_time\" content=\"2025-01-22T13:45:30+00:00\" \/>\n<meta name=\"twitter:card\" content=\"summary_large_image\" \/>\n<meta name=\"twitter:label1\" content=\"Tempo di lettura stimato\" \/>\n\t<meta name=\"twitter:data1\" content=\"17 minuti\" \/>\n<script type=\"application\/ld+json\" class=\"yoast-schema-graph\">{\"@context\":\"https:\\\/\\\/schema.org\",\"@graph\":[{\"@type\":\"WebPage\",\"@id\":\"https:\\\/\\\/out-ofthebox.com\\\/childprivacy-policy\\\/\",\"url\":\"https:\\\/\\\/out-ofthebox.com\\\/childprivacy-policy\\\/\",\"name\":\"Privacy Policy - out-ofthebox | child\",\"isPartOf\":{\"@id\":\"https:\\\/\\\/out-ofthebox.com\\\/child\\\/#website\"},\"datePublished\":\"2024-09-29T06:31:59+00:00\",\"dateModified\":\"2025-01-22T13:45:30+00:00\",\"breadcrumb\":{\"@id\":\"https:\\\/\\\/out-ofthebox.com\\\/childprivacy-policy\\\/#breadcrumb\"},\"inLanguage\":\"it-IT\",\"potentialAction\":[{\"@type\":\"ReadAction\",\"target\":[\"https:\\\/\\\/out-ofthebox.com\\\/childprivacy-policy\\\/\"]}]},{\"@type\":\"BreadcrumbList\",\"@id\":\"https:\\\/\\\/out-ofthebox.com\\\/childprivacy-policy\\\/#breadcrumb\",\"itemListElement\":[{\"@type\":\"ListItem\",\"position\":1,\"name\":\"Home\",\"item\":\"https:\\\/\\\/out-ofthebox.com\\\/child\\\/\"},{\"@type\":\"ListItem\",\"position\":2,\"name\":\"Privacy Policy\"}]},{\"@type\":\"WebSite\",\"@id\":\"https:\\\/\\\/out-ofthebox.com\\\/child\\\/#website\",\"url\":\"https:\\\/\\\/out-ofthebox.com\\\/child\\\/\",\"name\":\"out-ofthebox | child\",\"description\":\"A due passi da Bassano, il primo spazio  ricreativo ad ore\",\"publisher\":{\"@id\":\"https:\\\/\\\/out-ofthebox.com\\\/child\\\/#organization\"},\"potentialAction\":[{\"@type\":\"SearchAction\",\"target\":{\"@type\":\"EntryPoint\",\"urlTemplate\":\"https:\\\/\\\/out-ofthebox.com\\\/child\\\/?s={search_term_string}\"},\"query-input\":{\"@type\":\"PropertyValueSpecification\",\"valueRequired\":true,\"valueName\":\"search_term_string\"}}],\"inLanguage\":\"it-IT\"},{\"@type\":\"Organization\",\"@id\":\"https:\\\/\\\/out-ofthebox.com\\\/child\\\/#organization\",\"name\":\"out-ofthebox | child\",\"url\":\"https:\\\/\\\/out-ofthebox.com\\\/child\\\/\",\"logo\":{\"@type\":\"ImageObject\",\"inLanguage\":\"it-IT\",\"@id\":\"https:\\\/\\\/out-ofthebox.com\\\/child\\\/#\\\/schema\\\/logo\\\/image\\\/\",\"url\":\"https:\\\/\\\/out-ofthebox.com\\\/child\\\/wp-content\\\/uploads\\\/2025\\\/05\\\/cropped-Logo_child_Ootb_DEF-1.jpg\",\"contentUrl\":\"https:\\\/\\\/out-ofthebox.com\\\/child\\\/wp-content\\\/uploads\\\/2025\\\/05\\\/cropped-Logo_child_Ootb_DEF-1.jpg\",\"width\":501,\"height\":291,\"caption\":\"out-ofthebox | child\"},\"image\":{\"@id\":\"https:\\\/\\\/out-ofthebox.com\\\/child\\\/#\\\/schema\\\/logo\\\/image\\\/\"}}]}<\/script>\n<!-- \/ Yoast SEO plugin. -->","yoast_head_json":{"title":"Privacy Policy - out-ofthebox | child","robots":{"index":"noindex","follow":"nofollow"},"og_locale":"it_IT","og_type":"article","og_title":"Privacy Policy - out-ofthebox | child","og_description":"Privacy policy Titolare del Trattamento dei Dati: OUT OF THE BOX srl \u2013 Via Urania, 13 \u2013 36061 Bassano del Grappa (VI) Indirizzo email del Titolare: out-oftheboxsrl@pec.it Modalit\u00e0 di Trattamento dei Dati Personali I Dati Personali forniti o acquisiti saranno oggetto di Trattamento improntato ai principi di correttezza, liceit\u00e0, trasparenza e di tutela della riservatezza [&hellip;]","og_url":"https:\/\/out-ofthebox.com\/childprivacy-policy\/","og_site_name":"out-ofthebox | child","article_modified_time":"2025-01-22T13:45:30+00:00","twitter_card":"summary_large_image","twitter_misc":{"Tempo di lettura stimato":"17 minuti"},"schema":{"@context":"https:\/\/schema.org","@graph":[{"@type":"WebPage","@id":"https:\/\/out-ofthebox.com\/childprivacy-policy\/","url":"https:\/\/out-ofthebox.com\/childprivacy-policy\/","name":"Privacy Policy - out-ofthebox | child","isPartOf":{"@id":"https:\/\/out-ofthebox.com\/child\/#website"},"datePublished":"2024-09-29T06:31:59+00:00","dateModified":"2025-01-22T13:45:30+00:00","breadcrumb":{"@id":"https:\/\/out-ofthebox.com\/childprivacy-policy\/#breadcrumb"},"inLanguage":"it-IT","potentialAction":[{"@type":"ReadAction","target":["https:\/\/out-ofthebox.com\/childprivacy-policy\/"]}]},{"@type":"BreadcrumbList","@id":"https:\/\/out-ofthebox.com\/childprivacy-policy\/#breadcrumb","itemListElement":[{"@type":"ListItem","position":1,"name":"Home","item":"https:\/\/out-ofthebox.com\/child\/"},{"@type":"ListItem","position":2,"name":"Privacy Policy"}]},{"@type":"WebSite","@id":"https:\/\/out-ofthebox.com\/child\/#website","url":"https:\/\/out-ofthebox.com\/child\/","name":"out-ofthebox | child","description":"A due passi da Bassano, il primo spazio  ricreativo ad ore","publisher":{"@id":"https:\/\/out-ofthebox.com\/child\/#organization"},"potentialAction":[{"@type":"SearchAction","target":{"@type":"EntryPoint","urlTemplate":"https:\/\/out-ofthebox.com\/child\/?s={search_term_string}"},"query-input":{"@type":"PropertyValueSpecification","valueRequired":true,"valueName":"search_term_string"}}],"inLanguage":"it-IT"},{"@type":"Organization","@id":"https:\/\/out-ofthebox.com\/child\/#organization","name":"out-ofthebox | child","url":"https:\/\/out-ofthebox.com\/child\/","logo":{"@type":"ImageObject","inLanguage":"it-IT","@id":"https:\/\/out-ofthebox.com\/child\/#\/schema\/logo\/image\/","url":"https:\/\/out-ofthebox.com\/child\/wp-content\/uploads\/2025\/05\/cropped-Logo_child_Ootb_DEF-1.jpg","contentUrl":"https:\/\/out-ofthebox.com\/child\/wp-content\/uploads\/2025\/05\/cropped-Logo_child_Ootb_DEF-1.jpg","width":501,"height":291,"caption":"out-ofthebox | child"},"image":{"@id":"https:\/\/out-ofthebox.com\/child\/#\/schema\/logo\/image\/"}}]}},"_links":{"self":[{"href":"https:\/\/out-ofthebox.com\/child\/wp-json\/wp\/v2\/pages\/3","targetHints":{"allow":["GET"]}}],"collection":[{"href":"https:\/\/out-ofthebox.com\/child\/wp-json\/wp\/v2\/pages"}],"about":[{"href":"https:\/\/out-ofthebox.com\/child\/wp-json\/wp\/v2\/types\/page"}],"author":[{"embeddable":true,"href":"https:\/\/out-ofthebox.com\/child\/wp-json\/wp\/v2\/users\/1"}],"replies":[{"embeddable":true,"href":"https:\/\/out-ofthebox.com\/child\/wp-json\/wp\/v2\/comments?post=3"}],"version-history":[{"count":0,"href":"https:\/\/out-ofthebox.com\/child\/wp-json\/wp\/v2\/pages\/3\/revisions"}],"wp:attachment":[{"href":"https:\/\/out-ofthebox.com\/child\/wp-json\/wp\/v2\/media?parent=3"}],"curies":[{"name":"wp","href":"https:\/\/api.w.org\/{rel}","templated":true}]}}